{"id":59,"date":"2013-08-07T13:08:00","date_gmt":"2013-08-07T13:08:00","guid":{"rendered":"http:\/\/doctor.madza-wordpress-premium-themes.com\/?page_id=59"},"modified":"2022-01-24T15:08:00","modified_gmt":"2022-01-24T13:08:00","slug":"contacts","status":"publish","type":"page","link":"https:\/\/hamiltonclub.sk\/en\/contacts\/","title":{"rendered":"Kontakt"},"content":{"rendered":"<div class=\"wpb-content-wrapper\"><p>[vc_row el_position=&#8221;first last&#8221;][vc_column width=&#8221;1\/2&#8243;][vc_gmaps link=&#8221;#E-8_JTNDaWZyYW1lJTIwc3JjJTNEJTIyaHR0cHMlM0ElMkYlMkZ3d3cuZ29vZ2xlLmNvbSUyRm1hcHMlMkZlbWJlZCUzRnBiJTNEJTIxMW0xNCUyMTFtOCUyMTFtMyUyMTFkMjY2MS41MjIwOTgzMTE0NSUyMTJkMTcuMDY5NDEyMDAwMDAwMDAzJTIxM2Q0OC4xNTgwMTgwMDAwMDAwMDYlMjEzbTIlMjExaTEwMjQlMjEyaTc2OCUyMTRmMTMuMSUyMTNtMyUyMTFtMiUyMTFzMHg0NzZjOGI4ZDc3MzcyYzA5JTI1M0EweGQxZWYyMmQzMDY0MzY3N2UlMjEyc0dhbCUyNUMzJTI1QTlyaWElMkJDdWJpY29uJTIxNWUwJTIxM20yJTIxMXNzayUyMTJzc2slMjE0djE0MTc1MjM1MTA0NjIlMjIlMjB3aWR0aCUzRCUyMjYwMCUyMiUyMGhlaWdodCUzRCUyMjQ1MCUyMiUyMGZyYW1lYm9yZGVyJTNEJTIyMCUyMiUyMHN0eWxlJTNEJTIyYm9yZGVyJTNBMCUyMiUzRSUzQyUyRmlmcmFtZSUzRQ==&#8221; size=&#8221;250&#8243; type=&#8221;m&#8221; zoom=&#8221;12&#8243; el_position=&#8221;last&#8221;][\/vc_column][vc_column width=&#8221;1\/2&#8243;][vc_column_text css_animation=&#8221;appear&#8221; el_position=&#8221;first&#8221;]<\/p>\n<h2><strong><span style=\"color: #000000;\">N\u00e1jdete n\u00e1s<\/span><\/strong><\/h2>\n<p><span style=\"color: #000000;\">Gal\u00e9ria Cubicon, Mlynsk\u00e1 dolina &#8211; Star\u00e9 Grunty 24, 841 04 Bratislava<\/span><\/p>\n<p><span style=\"color: #000000;\"><strong>tel.\u010d.:<\/strong> 0948 69 79 89<\/span><br \/>\n<span style=\"color: #000000;\"><strong> email:<\/strong>\u00a0<a href=\"mailto:info@hamiltonclub.sk\">info (@) hamiltonclub.sk<\/a><\/span><\/p>\n<p><span style=\"color: #daa520;\"><span style=\"font-size: 16px;\"><span style=\"font-family: tahoma,geneva,sans-serif;\"><strong>Pondelok &#8211; piatok\u00a0 <\/strong><\/span><\/span><\/span><strong><span style=\"font-size: 16px;\"><span style=\"font-family: tahoma,geneva,sans-serif;\">06:00 &#8211; 21:00<\/span><\/span><\/strong><\/p>\n<p><span style=\"color: #daa520;\"><span style=\"font-size: 16px;\"><span style=\"font-family: tahoma,geneva,sans-serif;\"><strong>V\u00edkend &amp;\u00a0sviatok<\/strong>\u00a0 <\/span><\/span><\/span><span style=\"font-size: 16px;\"><span style=\"font-family: tahoma,geneva,sans-serif;\"><strong>08:00 &#8211; 21:00<\/strong><\/span><\/span><\/p>\n<p><span style=\"color: #000000;\">Autobusov\u00e9 spojenia: zast\u00e1vka Cintor\u00edn Sl\u00e1vi\u010die \u00dadolie &#8211; autobusy 31 a 39; zast\u00e1vka ZOO &#8211; autobusy 30, 32, 37, 92<\/span>[\/vc_column_text][\/vc_column][\/vc_row]<\/p>\n<\/div>","protected":false},"excerpt":{"rendered":"<p>[vc_row el_position=&#8221;first last&#8221;][vc_column width=&#8221;1\/2&#8243;][vc_gmaps link=&#8221;#E-8_JTNDaWZyYW1lJTIwc3JjJTNEJTIyaHR0cHMlM0ElMkYlMkZ3d3cuZ29vZ2xlLmNvbSUyRm1hcHMlMkZlbWJlZCUzRnBiJTNEJTIxMW0xNCUyMTFtOCUyMTFtMyUyMTFkMjY2MS41MjIwOTgzMTE0NSUyMTJkMTcuMDY5NDEyMDAwMDAwMDAzJTIxM2Q0OC4xNTgwMTgwMDAwMDAwMDYlMjEzbTIlMjExaTEwMjQlMjEyaTc2OCUyMTRmMTMuMSUyMTNtMyUyMTFtMiUyMTFzMHg0NzZjOGI4ZDc3MzcyYzA5JTI1M0EweGQxZWYyMmQzMDY0MzY3N2UlMjEyc0dhbCUyNUMzJTI1QTlyaWElMkJDdWJpY29uJTIxNWUwJTIxM20yJTIxMXNzayUyMTJzc2slMjE0djE0MTc1MjM1MTA0NjIlMjIlMjB3aWR0aCUzRCUyMjYwMCUyMiUyMGhlaWdodCUzRCUyMjQ1MCUyMiUyMGZyYW1lYm9yZGVyJTNEJTIyMCUyMiUyMHN0eWxlJTNEJTIyYm9yZGVyJTNBMCUyMiUzRSUzQyUyRmlmcmFtZSUzRQ==&#8221; size=&#8221;250&#8243; type=&#8221;m&#8221; zoom=&#8221;12&#8243; el_position=&#8221;last&#8221;][\/vc_column][vc_column width=&#8221;1\/2&#8243;][vc_column_text css_animation=&#8221;appear&#8221; el_position=&#8221;first&#8221;] N\u00e1jdete n\u00e1s Gal\u00e9ria Cubicon, Mlynsk\u00e1 dolina &#8211; Star\u00e9 Grunty 24, 841 04 Bratislava tel.\u010d.: 0948 69 79 89 email:\u00a0info (@) hamiltonclub.sk Pondelok &#8211; piatok\u00a0 06:00 &#8211; 21:00 V\u00edkend &amp;\u00a0sviatok\u00a0 08:00 &#8211; 21:00 Autobusov\u00e9 spojenia: zast\u00e1vka Cintor\u00edn Sl\u00e1vi\u010die \u00dadolie &#8211; autobusy 31 a 39; zast\u00e1vka ZOO &#8211; autobusy 30, 32, 37, 92[\/vc_column_text][\/vc_column][\/vc_row]<\/p>\n","protected":false},"author":4,"featured_media":0,"parent":0,"menu_order":0,"comment_status":"closed","ping_status":"closed","template":"template-fullwith.php","meta":{"footnotes":""},"class_list":["post-59","page","type-page","status-publish","hentry"],"translation":{"provider":"WPGlobus","version":"3.0.2","language":"en","enabled_languages":["sk","en"],"languages":{"sk":{"title":true,"content":true,"excerpt":false},"en":{"title":false,"content":false,"excerpt":false}}},"yoast_head":"<!-- This site is optimized with the Yoast SEO plugin v27.5 - https:\/\/yoast.com\/product\/yoast-seo-wordpress\/ -->\n<title>Kontakt - Hamilton Fitness Club | www.hamiltonclub.sk<\/title>\n<meta name=\"robots\" content=\"index, follow, max-snippet:-1, max-image-preview:large, max-video-preview:-1\" \/>\n<link rel=\"canonical\" href=\"https:\/\/hamiltonclub.sk\/contacts\/\" \/>\n<meta property=\"og:locale\" content=\"en_US\" \/>\n<meta property=\"og:type\" content=\"article\" \/>\n<meta property=\"og:title\" content=\"Kontakt - Hamilton Fitness Club | www.hamiltonclub.sk\" \/>\n<meta property=\"og:url\" content=\"https:\/\/hamiltonclub.sk\/contacts\/\" \/>\n<meta property=\"og:site_name\" content=\"Hamilton Fitness Club | www.hamiltonclub.sk\" \/>\n<meta property=\"article:publisher\" content=\"https:\/\/www.facebook.com\/HamiltonFitnessClub\/\" \/>\n<meta property=\"article:modified_time\" content=\"2022-01-24T13:08:00+00:00\" \/>\n<meta name=\"twitter:card\" content=\"summary_large_image\" \/>\n<meta name=\"twitter:label1\" content=\"Est. reading time\" \/>\n\t<meta name=\"twitter:data1\" content=\"1 minute\" \/>\n<script type=\"application\/ld+json\" class=\"yoast-schema-graph\">{\"@context\":\"https:\\\/\\\/schema.org\",\"@graph\":[{\"@type\":\"WebPage\",\"@id\":\"https:\\\/\\\/hamiltonclub.sk\\\/contacts\\\/\",\"url\":\"https:\\\/\\\/hamiltonclub.sk\\\/contacts\\\/\",\"name\":\"Kontakt - Hamilton Fitness Club | www.hamiltonclub.sk\",\"isPartOf\":{\"@id\":\"https:\\\/\\\/hamiltonclub.sk\\\/#website\"},\"datePublished\":\"2013-08-07T13:08:00+00:00\",\"dateModified\":\"2022-01-24T13:08:00+00:00\",\"breadcrumb\":{\"@id\":\"https:\\\/\\\/hamiltonclub.sk\\\/contacts\\\/#breadcrumb\"},\"inLanguage\":\"en-US\",\"potentialAction\":[{\"@type\":\"ReadAction\",\"target\":[\"https:\\\/\\\/hamiltonclub.sk\\\/contacts\\\/\"]}]},{\"@type\":\"BreadcrumbList\",\"@id\":\"https:\\\/\\\/hamiltonclub.sk\\\/contacts\\\/#breadcrumb\",\"itemListElement\":[{\"@type\":\"ListItem\",\"position\":1,\"name\":\"Domovsk\u00e1 str\u00e1nka\",\"item\":\"https:\\\/\\\/hamiltonclub.sk\\\/\"},{\"@type\":\"ListItem\",\"position\":2,\"name\":\"Kontakt\"}]},{\"@type\":\"WebSite\",\"@id\":\"https:\\\/\\\/hamiltonclub.sk\\\/#website\",\"url\":\"https:\\\/\\\/hamiltonclub.sk\\\/\",\"name\":\"Hamilton Fitness Club | www.hamiltonclub.sk\",\"description\":\"fitness centrum v OC Cubicon\",\"potentialAction\":[{\"@type\":\"SearchAction\",\"target\":{\"@type\":\"EntryPoint\",\"urlTemplate\":\"https:\\\/\\\/hamiltonclub.sk\\\/?s={search_term_string}\"},\"query-input\":{\"@type\":\"PropertyValueSpecification\",\"valueRequired\":true,\"valueName\":\"search_term_string\"}}],\"inLanguage\":\"en-US\"}]}<\/script>\n<!-- \/ Yoast SEO plugin. -->","yoast_head_json":{"title":"Kontakt - Hamilton Fitness Club | www.hamiltonclub.sk","robots":{"index":"index","follow":"follow","max-snippet":"max-snippet:-1","max-image-preview":"max-image-preview:large","max-video-preview":"max-video-preview:-1"},"canonical":"https:\/\/hamiltonclub.sk\/contacts\/","og_locale":"en_US","og_type":"article","og_title":"Kontakt - Hamilton Fitness Club | www.hamiltonclub.sk","og_url":"https:\/\/hamiltonclub.sk\/contacts\/","og_site_name":"Hamilton Fitness Club | www.hamiltonclub.sk","article_publisher":"https:\/\/www.facebook.com\/HamiltonFitnessClub\/","article_modified_time":"2022-01-24T13:08:00+00:00","twitter_card":"summary_large_image","twitter_misc":{"Est. reading time":"1 minute"},"schema":{"@context":"https:\/\/schema.org","@graph":[{"@type":"WebPage","@id":"https:\/\/hamiltonclub.sk\/contacts\/","url":"https:\/\/hamiltonclub.sk\/contacts\/","name":"Kontakt - Hamilton Fitness Club | www.hamiltonclub.sk","isPartOf":{"@id":"https:\/\/hamiltonclub.sk\/#website"},"datePublished":"2013-08-07T13:08:00+00:00","dateModified":"2022-01-24T13:08:00+00:00","breadcrumb":{"@id":"https:\/\/hamiltonclub.sk\/contacts\/#breadcrumb"},"inLanguage":"en-US","potentialAction":[{"@type":"ReadAction","target":["https:\/\/hamiltonclub.sk\/contacts\/"]}]},{"@type":"BreadcrumbList","@id":"https:\/\/hamiltonclub.sk\/contacts\/#breadcrumb","itemListElement":[{"@type":"ListItem","position":1,"name":"Domovsk\u00e1 str\u00e1nka","item":"https:\/\/hamiltonclub.sk\/"},{"@type":"ListItem","position":2,"name":"Kontakt"}]},{"@type":"WebSite","@id":"https:\/\/hamiltonclub.sk\/#website","url":"https:\/\/hamiltonclub.sk\/","name":"Hamilton Fitness Club | www.hamiltonclub.sk","description":"fitness centrum v OC Cubicon","potentialAction":[{"@type":"SearchAction","target":{"@type":"EntryPoint","urlTemplate":"https:\/\/hamiltonclub.sk\/?s={search_term_string}"},"query-input":{"@type":"PropertyValueSpecification","valueRequired":true,"valueName":"search_term_string"}}],"inLanguage":"en-US"}]}},"_links":{"self":[{"href":"https:\/\/hamiltonclub.sk\/en\/wp-json\/wp\/v2\/pages\/59","targetHints":{"allow":["GET"]}}],"collection":[{"href":"https:\/\/hamiltonclub.sk\/en\/wp-json\/wp\/v2\/pages"}],"about":[{"href":"https:\/\/hamiltonclub.sk\/en\/wp-json\/wp\/v2\/types\/page"}],"author":[{"embeddable":true,"href":"https:\/\/hamiltonclub.sk\/en\/wp-json\/wp\/v2\/users\/4"}],"replies":[{"embeddable":true,"href":"https:\/\/hamiltonclub.sk\/en\/wp-json\/wp\/v2\/comments?post=59"}],"version-history":[{"count":31,"href":"https:\/\/hamiltonclub.sk\/en\/wp-json\/wp\/v2\/pages\/59\/revisions"}],"predecessor-version":[{"id":7492,"href":"https:\/\/hamiltonclub.sk\/en\/wp-json\/wp\/v2\/pages\/59\/revisions\/7492"}],"wp:attachment":[{"href":"https:\/\/hamiltonclub.sk\/en\/wp-json\/wp\/v2\/media?parent=59"}],"curies":[{"name":"wp","href":"https:\/\/api.w.org\/{rel}","templated":true}]}}