{"id":54,"date":"2013-08-07T13:03:43","date_gmt":"2013-08-07T13:03:43","guid":{"rendered":"http:\/\/doctor.madza-wordpress-premium-themes.com\/?page_id=54"},"modified":"2025-06-10T15:59:27","modified_gmt":"2025-06-10T13:59:27","slug":"treneri","status":"publish","type":"page","link":"https:\/\/hamiltonclub.sk\/en\/treneri\/","title":{"rendered":"NA\u0160I FITNESS TR\u00c9NERI"},"content":{"rendered":"<div class=\"wpb-content-wrapper\"><p>[vc_row][vc_column][vc_column_text]<\/p>\n<h2><strong>Vyber si svojho osobn\u00e9ho tr\u00e9nera<\/strong><\/h2>\n<p align=\"justify\">Ak potrebuje\u0161 schudn\u00fa\u0165, nabra\u0165 svalov\u00fa hmotu, vyformova\u0165 postavu alebo sa jednoducho c\u00edti\u0165 lep\u0161ie vo svojom tele, si na tom spr\u00e1vnom mieste. V Hamilton fitness clube pracuj\u00fa iba vysoko\u0161kolsky vzdelan\u00ed a certifikovan\u00ed tr\u00e9neri. Ka\u017ed\u00fd n\u00e1\u0161 kondi\u010dn\u00fd tr\u00e9ner m\u00e1 za sebou vysoko\u0161kolsk\u00e9 vzdelanie z oblasti \u0161portu a \u013eudsk\u00e9ho tela. To samozrejme nie je v\u0161etko! Ve\u013emi dobre vieme, \u017ee je d\u00f4le\u017eit\u00e9 sledova\u0165 svetov\u00e9 trendy a novinky z oblasti \u0161portu, stravy \u010di fyzioterapie a preto sa neust\u00e1le \u0161kol\u00edme a vzdel\u00e1vame. V\u0161etci na\u0161i tr\u00e9neri si ka\u017ed\u00fd rok vyhliadnu nieko\u013eko renomovan\u00fdch kurzov, aby sme mohli na\u0161im klientom pon\u00faknu\u0165 len to najlep\u0161ie, \u010do sa na trhu nach\u00e1dza.<\/p>\n<p align=\"justify\"><strong>Nechaj sa vies\u0165 skuto\u010dn\u00fdmi odborn\u00edkmi<br \/>\n<\/strong>Ak m\u00e1\u0161 pocit, \u017ee potrebuje\u0161 poradi\u0165 alebo chce\u0161 individu\u00e1lny cvi\u010debn\u00fd pl\u00e1n, vyber si svojho tr\u00e9nera a dohodni si svoj prv\u00fd tr\u00e9ning.<\/p>\n<p>[\/vc_column_text][padding_spacer space_count=&#8221;20&#8243;][madza_custom_post_type posttype=&#8221;our-staffs&#8221; columns=&#8221;4&#8243; item_nr=&#8221;12&#8243; sorting=&#8221;ASC&#8221; sortingby=&#8221;date&#8221; exclude=&#8221;484, 490, 493, 496, 499, 507, 506, 505, 504, 503, 502,2526&#8243; excerpt=&#8221;25&#8243; height=&#8221;270&#8243; buttonss=&#8221;\u010cita\u0165 viac&#8221; button=&#8221;Read More&#8221;][vc_column_text]<\/p>\n<h2><strong>In\u0161truktori skupinov\u00fdch cvi\u010den\u00ed<\/strong><\/h2>\n<p>Nikdy neboli skupinov\u00e9 cvi\u010denia z\u00e1bavnej\u0161ie a profesion\u00e1lnej\u0161ie! O to sa V\u00e1m staraj\u00fa na\u0161i skvel\u00ed in\u0161truktori skupinov\u00fdch cvi\u010den\u00ed.[\/vc_column_text][madza_custom_post_type posttype=&#8221;our-staffs&#8221; columns=&#8221;4&#8243; item_nr=&#8221;15&#8243; sorting=&#8221;ASC&#8221; sortingby=&#8221;date&#8221; include=&#8221;499, 484, 490, 493, 496, 507, 506, 505, 504, 503, 502, 2526&#8243; excerpt=&#8221;25&#8243; height=&#8221;270&#8243; buttonss=&#8221;\u010cita\u0165 viac&#8221; button=&#8221;Read More&#8221;][\/vc_column][\/vc_row][vc_row][vc_column][vc_column_text]<\/p>\n<div id=\"selenium-highlight\"><\/div>\n<p>[\/vc_column_text][\/vc_column][\/vc_row]<\/p>\n<\/div>","protected":false},"excerpt":{"rendered":"<p>[vc_row][vc_column][vc_column_text] Vyber si svojho osobn\u00e9ho tr\u00e9nera Ak potrebuje\u0161 schudn\u00fa\u0165, nabra\u0165 svalov\u00fa hmotu, vyformova\u0165 postavu alebo sa jednoducho c\u00edti\u0165 lep\u0161ie vo svojom tele, si na tom spr\u00e1vnom mieste. V Hamilton fitness clube pracuj\u00fa iba vysoko\u0161kolsky vzdelan\u00ed a certifikovan\u00ed tr\u00e9neri. Ka\u017ed\u00fd n\u00e1\u0161 kondi\u010dn\u00fd tr\u00e9ner m\u00e1 za sebou vysoko\u0161kolsk\u00e9 vzdelanie z oblasti \u0161portu a \u013eudsk\u00e9ho tela. To samozrejme nie je v\u0161etko! Ve\u013emi dobre vieme, \u017ee je d\u00f4le\u017eit\u00e9 sledova\u0165 svetov\u00e9 trendy a novinky z oblasti \u0161portu, stravy \u010di fyzioterapie a preto sa neust\u00e1le \u0161kol\u00edme a vzdel\u00e1vame. V\u0161etci na\u0161i tr\u00e9neri si ka\u017ed\u00fd rok vyhliadnu nieko\u013eko renomovan\u00fdch kurzov, aby sme mohli na\u0161im klientom pon\u00faknu\u0165 len to najlep\u0161ie, \u010do sa na trhu nach\u00e1dza. Nechaj sa vies\u0165 skuto\u010dn\u00fdmi odborn\u00edkmi Ak m\u00e1\u0161 pocit, \u017ee potrebuje\u0161 poradi\u0165 alebo chce\u0161 individu\u00e1lny cvi\u010debn\u00fd pl\u00e1n, vyber si svojho tr\u00e9nera a dohodni si svoj prv\u00fd tr\u00e9ning. [\/vc_column_text][padding_spacer space_count=&#8221;20&#8243;][madza_custom_post_type posttype=&#8221;our-staffs&#8221; columns=&#8221;4&#8243; item_nr=&#8221;12&#8243; sorting=&#8221;ASC&#8221; sortingby=&#8221;date&#8221; exclude=&#8221;484, 490, 493, 496, 499, 507, 506, 505, 504, 503, 502,2526&#8243; excerpt=&#8221;25&#8243; height=&#8221;270&#8243; buttonss=&#8221;\u010cita\u0165 viac&#8221; button=&#8221;Read More&#8221;][vc_column_text] In\u0161truktori skupinov\u00fdch cvi\u010den\u00ed Nikdy neboli skupinov\u00e9 cvi\u010denia z\u00e1bavnej\u0161ie a profesion\u00e1lnej\u0161ie! O to sa V\u00e1m staraj\u00fa na\u0161i skvel\u00ed in\u0161truktori skupinov\u00fdch cvi\u010den\u00ed.[\/vc_column_text][madza_custom_post_type posttype=&#8221;our-staffs&#8221; columns=&#8221;4&#8243; item_nr=&#8221;15&#8243; sorting=&#8221;ASC&#8221; sortingby=&#8221;date&#8221; include=&#8221;499, 484, 490, 493, 496, 507, 506, 505, 504, 503, 502, 2526&#8243; excerpt=&#8221;25&#8243; height=&#8221;270&#8243; buttonss=&#8221;\u010cita\u0165 viac&#8221; button=&#8221;Read More&#8221;][\/vc_column][\/vc_row][vc_row][vc_column][vc_column_text] [\/vc_column_text][\/vc_column][\/vc_row]<\/p>\n","protected":false},"author":4,"featured_media":0,"parent":0,"menu_order":0,"comment_status":"closed","ping_status":"closed","template":"","meta":{"footnotes":""},"class_list":["post-54","page","type-page","status-publish","hentry"],"translation":{"provider":"WPGlobus","version":"3.0.2","language":"en","enabled_languages":["sk","en"],"languages":{"sk":{"title":true,"content":true,"excerpt":false},"en":{"title":false,"content":false,"excerpt":false}}},"yoast_head":"<!-- This site is optimized with the Yoast SEO plugin v27.5 - https:\/\/yoast.com\/product\/yoast-seo-wordpress\/ -->\n<title>NA\u0160I FITNESS TR\u00c9NERI - Hamilton Fitness Club | www.hamiltonclub.sk<\/title>\n<meta name=\"robots\" content=\"index, follow, max-snippet:-1, max-image-preview:large, max-video-preview:-1\" \/>\n<link rel=\"canonical\" href=\"https:\/\/hamiltonclub.sk\/treneri\/\" \/>\n<meta property=\"og:locale\" content=\"en_US\" \/>\n<meta property=\"og:type\" content=\"article\" \/>\n<meta property=\"og:title\" content=\"NA\u0160I FITNESS TR\u00c9NERI - Hamilton Fitness Club | www.hamiltonclub.sk\" \/>\n<meta property=\"og:url\" content=\"https:\/\/hamiltonclub.sk\/treneri\/\" \/>\n<meta property=\"og:site_name\" content=\"Hamilton Fitness Club | www.hamiltonclub.sk\" \/>\n<meta property=\"article:publisher\" content=\"https:\/\/www.facebook.com\/HamiltonFitnessClub\/\" \/>\n<meta property=\"article:modified_time\" content=\"2025-06-10T13:59:27+00:00\" \/>\n<meta name=\"twitter:card\" content=\"summary_large_image\" \/>\n<meta name=\"twitter:label1\" content=\"Est. reading time\" \/>\n\t<meta name=\"twitter:data1\" content=\"2 minutes\" \/>\n<script type=\"application\/ld+json\" class=\"yoast-schema-graph\">{\"@context\":\"https:\\\/\\\/schema.org\",\"@graph\":[{\"@type\":\"WebPage\",\"@id\":\"https:\\\/\\\/hamiltonclub.sk\\\/treneri\\\/\",\"url\":\"https:\\\/\\\/hamiltonclub.sk\\\/treneri\\\/\",\"name\":\"NA\u0160I FITNESS TR\u00c9NERI - Hamilton Fitness Club | www.hamiltonclub.sk\",\"isPartOf\":{\"@id\":\"https:\\\/\\\/hamiltonclub.sk\\\/#website\"},\"datePublished\":\"2013-08-07T13:03:43+00:00\",\"dateModified\":\"2025-06-10T13:59:27+00:00\",\"breadcrumb\":{\"@id\":\"https:\\\/\\\/hamiltonclub.sk\\\/treneri\\\/#breadcrumb\"},\"inLanguage\":\"en-US\",\"potentialAction\":[{\"@type\":\"ReadAction\",\"target\":[\"https:\\\/\\\/hamiltonclub.sk\\\/treneri\\\/\"]}]},{\"@type\":\"BreadcrumbList\",\"@id\":\"https:\\\/\\\/hamiltonclub.sk\\\/treneri\\\/#breadcrumb\",\"itemListElement\":[{\"@type\":\"ListItem\",\"position\":1,\"name\":\"Domovsk\u00e1 str\u00e1nka\",\"item\":\"https:\\\/\\\/hamiltonclub.sk\\\/\"},{\"@type\":\"ListItem\",\"position\":2,\"name\":\"NA\u0160I FITNESS TR\u00c9NERI\"}]},{\"@type\":\"WebSite\",\"@id\":\"https:\\\/\\\/hamiltonclub.sk\\\/#website\",\"url\":\"https:\\\/\\\/hamiltonclub.sk\\\/\",\"name\":\"Hamilton Fitness Club | www.hamiltonclub.sk\",\"description\":\"fitness centrum v OC Cubicon\",\"potentialAction\":[{\"@type\":\"SearchAction\",\"target\":{\"@type\":\"EntryPoint\",\"urlTemplate\":\"https:\\\/\\\/hamiltonclub.sk\\\/?s={search_term_string}\"},\"query-input\":{\"@type\":\"PropertyValueSpecification\",\"valueRequired\":true,\"valueName\":\"search_term_string\"}}],\"inLanguage\":\"en-US\"}]}<\/script>\n<!-- \/ Yoast SEO plugin. -->","yoast_head_json":{"title":"NA\u0160I FITNESS TR\u00c9NERI - Hamilton Fitness Club | www.hamiltonclub.sk","robots":{"index":"index","follow":"follow","max-snippet":"max-snippet:-1","max-image-preview":"max-image-preview:large","max-video-preview":"max-video-preview:-1"},"canonical":"https:\/\/hamiltonclub.sk\/treneri\/","og_locale":"en_US","og_type":"article","og_title":"NA\u0160I FITNESS TR\u00c9NERI - Hamilton Fitness Club | www.hamiltonclub.sk","og_url":"https:\/\/hamiltonclub.sk\/treneri\/","og_site_name":"Hamilton Fitness Club | www.hamiltonclub.sk","article_publisher":"https:\/\/www.facebook.com\/HamiltonFitnessClub\/","article_modified_time":"2025-06-10T13:59:27+00:00","twitter_card":"summary_large_image","twitter_misc":{"Est. reading time":"2 minutes"},"schema":{"@context":"https:\/\/schema.org","@graph":[{"@type":"WebPage","@id":"https:\/\/hamiltonclub.sk\/treneri\/","url":"https:\/\/hamiltonclub.sk\/treneri\/","name":"NA\u0160I FITNESS TR\u00c9NERI - Hamilton Fitness Club | www.hamiltonclub.sk","isPartOf":{"@id":"https:\/\/hamiltonclub.sk\/#website"},"datePublished":"2013-08-07T13:03:43+00:00","dateModified":"2025-06-10T13:59:27+00:00","breadcrumb":{"@id":"https:\/\/hamiltonclub.sk\/treneri\/#breadcrumb"},"inLanguage":"en-US","potentialAction":[{"@type":"ReadAction","target":["https:\/\/hamiltonclub.sk\/treneri\/"]}]},{"@type":"BreadcrumbList","@id":"https:\/\/hamiltonclub.sk\/treneri\/#breadcrumb","itemListElement":[{"@type":"ListItem","position":1,"name":"Domovsk\u00e1 str\u00e1nka","item":"https:\/\/hamiltonclub.sk\/"},{"@type":"ListItem","position":2,"name":"NA\u0160I FITNESS TR\u00c9NERI"}]},{"@type":"WebSite","@id":"https:\/\/hamiltonclub.sk\/#website","url":"https:\/\/hamiltonclub.sk\/","name":"Hamilton Fitness Club | www.hamiltonclub.sk","description":"fitness centrum v OC Cubicon","potentialAction":[{"@type":"SearchAction","target":{"@type":"EntryPoint","urlTemplate":"https:\/\/hamiltonclub.sk\/?s={search_term_string}"},"query-input":{"@type":"PropertyValueSpecification","valueRequired":true,"valueName":"search_term_string"}}],"inLanguage":"en-US"}]}},"_links":{"self":[{"href":"https:\/\/hamiltonclub.sk\/en\/wp-json\/wp\/v2\/pages\/54","targetHints":{"allow":["GET"]}}],"collection":[{"href":"https:\/\/hamiltonclub.sk\/en\/wp-json\/wp\/v2\/pages"}],"about":[{"href":"https:\/\/hamiltonclub.sk\/en\/wp-json\/wp\/v2\/types\/page"}],"author":[{"embeddable":true,"href":"https:\/\/hamiltonclub.sk\/en\/wp-json\/wp\/v2\/users\/4"}],"replies":[{"embeddable":true,"href":"https:\/\/hamiltonclub.sk\/en\/wp-json\/wp\/v2\/comments?post=54"}],"version-history":[{"count":46,"href":"https:\/\/hamiltonclub.sk\/en\/wp-json\/wp\/v2\/pages\/54\/revisions"}],"predecessor-version":[{"id":7941,"href":"https:\/\/hamiltonclub.sk\/en\/wp-json\/wp\/v2\/pages\/54\/revisions\/7941"}],"wp:attachment":[{"href":"https:\/\/hamiltonclub.sk\/en\/wp-json\/wp\/v2\/media?parent=54"}],"curies":[{"name":"wp","href":"https:\/\/api.w.org\/{rel}","templated":true}]}}