{"id":417,"date":"2014-12-02T14:41:05","date_gmt":"2014-12-02T12:41:05","guid":{"rendered":"http:\/\/hamiltonclub.sk\/?page_id=417"},"modified":"2024-01-08T14:12:44","modified_gmt":"2024-01-08T12:12:44","slug":"cennik","status":"publish","type":"page","link":"https:\/\/hamiltonclub.sk\/en\/cennik\/","title":{"rendered":"PRICELIST"},"content":{"rendered":"<div class=\"wpb-content-wrapper\"><p>[vc_row][vc_column][vc_column_text]<\/p>\n<h3><span style=\"font-family: tahoma,geneva,sans-serif;\">\u010clenstvo v Hamilton Fitness Clube Ti umo\u017e\u0148uje vyu\u017ei\u0165 v\u0161etky pon\u00fakan\u00e9 slu\u017eby (fitness, cardio, funk\u010dn\u00e1 z\u00f3na, kinessis stations, skupinov\u00e9 cvi\u010denia, sauna) bez ak\u00fdchko\u013evek obmedzen\u00ed, v priebehu celej otv\u00e1racej doby.<\/span><\/h3>\n<p>[\/vc_column_text][\/vc_column][\/vc_row][vc_row][vc_column width=&#8221;1\/2&#8243;][vc_single_image image=&#8221;7750&#8243; img_size=&#8221;large&#8221;][\/vc_column][vc_column width=&#8221;1\/2&#8243;][vc_single_image image=&#8221;7749&#8243; img_size=&#8221;large&#8221;][\/vc_column][\/vc_row]<\/p>\n<\/div>","protected":false},"excerpt":{"rendered":"<p>[vc_row][vc_column][vc_column_text] \u010clenstvo v Hamilton Fitness Clube Ti umo\u017e\u0148uje vyu\u017ei\u0165 v\u0161etky pon\u00fakan\u00e9 slu\u017eby (fitness, cardio, funk\u010dn\u00e1 z\u00f3na, kinessis stations, skupinov\u00e9 cvi\u010denia, sauna) bez ak\u00fdchko\u013evek obmedzen\u00ed, v priebehu celej otv\u00e1racej doby. [\/vc_column_text][\/vc_column][\/vc_row][vc_row][vc_column width=&#8221;1\/2&#8243;][vc_single_image image=&#8221;7750&#8243; img_size=&#8221;large&#8221;][\/vc_column][vc_column width=&#8221;1\/2&#8243;][vc_single_image image=&#8221;7749&#8243; img_size=&#8221;large&#8221;][\/vc_column][\/vc_row]<\/p>\n","protected":false},"author":4,"featured_media":0,"parent":0,"menu_order":0,"comment_status":"open","ping_status":"open","template":"","meta":{"footnotes":""},"class_list":["post-417","page","type-page","status-publish","hentry"],"translation":{"provider":"WPGlobus","version":"3.0.2","language":"en","enabled_languages":["sk","en"],"languages":{"sk":{"title":true,"content":true,"excerpt":false},"en":{"title":true,"content":false,"excerpt":false}}},"yoast_head":"<!-- This site is optimized with the Yoast SEO plugin v27.5 - https:\/\/yoast.com\/product\/yoast-seo-wordpress\/ -->\n<title>PRICELIST - Hamilton Fitness Club | www.hamiltonclub.sk<\/title>\n<meta name=\"robots\" content=\"index, follow, max-snippet:-1, max-image-preview:large, max-video-preview:-1\" \/>\n<link rel=\"canonical\" href=\"https:\/\/hamiltonclub.sk\/cennik\/\" \/>\n<meta property=\"og:locale\" content=\"en_US\" \/>\n<meta property=\"og:type\" content=\"article\" \/>\n<meta property=\"og:title\" content=\"PRICELIST - Hamilton Fitness Club | www.hamiltonclub.sk\" \/>\n<meta property=\"og:url\" content=\"https:\/\/hamiltonclub.sk\/cennik\/\" \/>\n<meta property=\"og:site_name\" content=\"Hamilton Fitness Club | www.hamiltonclub.sk\" \/>\n<meta property=\"article:publisher\" content=\"https:\/\/www.facebook.com\/HamiltonFitnessClub\/\" \/>\n<meta property=\"article:modified_time\" content=\"2024-01-08T12:12:44+00:00\" \/>\n<meta name=\"twitter:card\" content=\"summary_large_image\" \/>\n<meta name=\"twitter:label1\" content=\"Est. reading time\" \/>\n\t<meta name=\"twitter:data1\" content=\"1 minute\" \/>\n<script type=\"application\/ld+json\" class=\"yoast-schema-graph\">{\"@context\":\"https:\\\/\\\/schema.org\",\"@graph\":[{\"@type\":\"WebPage\",\"@id\":\"https:\\\/\\\/hamiltonclub.sk\\\/cennik\\\/\",\"url\":\"https:\\\/\\\/hamiltonclub.sk\\\/cennik\\\/\",\"name\":\"PRICELIST - Hamilton Fitness Club | www.hamiltonclub.sk\",\"isPartOf\":{\"@id\":\"https:\\\/\\\/hamiltonclub.sk\\\/#website\"},\"datePublished\":\"2014-12-02T12:41:05+00:00\",\"dateModified\":\"2024-01-08T12:12:44+00:00\",\"breadcrumb\":{\"@id\":\"https:\\\/\\\/hamiltonclub.sk\\\/cennik\\\/#breadcrumb\"},\"inLanguage\":\"en-US\",\"potentialAction\":[{\"@type\":\"ReadAction\",\"target\":[\"https:\\\/\\\/hamiltonclub.sk\\\/cennik\\\/\"]}]},{\"@type\":\"BreadcrumbList\",\"@id\":\"https:\\\/\\\/hamiltonclub.sk\\\/cennik\\\/#breadcrumb\",\"itemListElement\":[{\"@type\":\"ListItem\",\"position\":1,\"name\":\"Domovsk\u00e1 str\u00e1nka\",\"item\":\"https:\\\/\\\/hamiltonclub.sk\\\/\"},{\"@type\":\"ListItem\",\"position\":2,\"name\":\"CENN\u00cdK\"}]},{\"@type\":\"WebSite\",\"@id\":\"https:\\\/\\\/hamiltonclub.sk\\\/#website\",\"url\":\"https:\\\/\\\/hamiltonclub.sk\\\/\",\"name\":\"Hamilton Fitness Club | www.hamiltonclub.sk\",\"description\":\"fitness centrum v OC Cubicon\",\"potentialAction\":[{\"@type\":\"SearchAction\",\"target\":{\"@type\":\"EntryPoint\",\"urlTemplate\":\"https:\\\/\\\/hamiltonclub.sk\\\/?s={search_term_string}\"},\"query-input\":{\"@type\":\"PropertyValueSpecification\",\"valueRequired\":true,\"valueName\":\"search_term_string\"}}],\"inLanguage\":\"en-US\"}]}<\/script>\n<!-- \/ Yoast SEO plugin. -->","yoast_head_json":{"title":"PRICELIST - Hamilton Fitness Club | www.hamiltonclub.sk","robots":{"index":"index","follow":"follow","max-snippet":"max-snippet:-1","max-image-preview":"max-image-preview:large","max-video-preview":"max-video-preview:-1"},"canonical":"https:\/\/hamiltonclub.sk\/cennik\/","og_locale":"en_US","og_type":"article","og_title":"PRICELIST - Hamilton Fitness Club | www.hamiltonclub.sk","og_url":"https:\/\/hamiltonclub.sk\/cennik\/","og_site_name":"Hamilton Fitness Club | www.hamiltonclub.sk","article_publisher":"https:\/\/www.facebook.com\/HamiltonFitnessClub\/","article_modified_time":"2024-01-08T12:12:44+00:00","twitter_card":"summary_large_image","twitter_misc":{"Est. reading time":"1 minute"},"schema":{"@context":"https:\/\/schema.org","@graph":[{"@type":"WebPage","@id":"https:\/\/hamiltonclub.sk\/cennik\/","url":"https:\/\/hamiltonclub.sk\/cennik\/","name":"PRICELIST - Hamilton Fitness Club | www.hamiltonclub.sk","isPartOf":{"@id":"https:\/\/hamiltonclub.sk\/#website"},"datePublished":"2014-12-02T12:41:05+00:00","dateModified":"2024-01-08T12:12:44+00:00","breadcrumb":{"@id":"https:\/\/hamiltonclub.sk\/cennik\/#breadcrumb"},"inLanguage":"en-US","potentialAction":[{"@type":"ReadAction","target":["https:\/\/hamiltonclub.sk\/cennik\/"]}]},{"@type":"BreadcrumbList","@id":"https:\/\/hamiltonclub.sk\/cennik\/#breadcrumb","itemListElement":[{"@type":"ListItem","position":1,"name":"Domovsk\u00e1 str\u00e1nka","item":"https:\/\/hamiltonclub.sk\/"},{"@type":"ListItem","position":2,"name":"CENN\u00cdK"}]},{"@type":"WebSite","@id":"https:\/\/hamiltonclub.sk\/#website","url":"https:\/\/hamiltonclub.sk\/","name":"Hamilton Fitness Club | www.hamiltonclub.sk","description":"fitness centrum v OC Cubicon","potentialAction":[{"@type":"SearchAction","target":{"@type":"EntryPoint","urlTemplate":"https:\/\/hamiltonclub.sk\/?s={search_term_string}"},"query-input":{"@type":"PropertyValueSpecification","valueRequired":true,"valueName":"search_term_string"}}],"inLanguage":"en-US"}]}},"_links":{"self":[{"href":"https:\/\/hamiltonclub.sk\/en\/wp-json\/wp\/v2\/pages\/417","targetHints":{"allow":["GET"]}}],"collection":[{"href":"https:\/\/hamiltonclub.sk\/en\/wp-json\/wp\/v2\/pages"}],"about":[{"href":"https:\/\/hamiltonclub.sk\/en\/wp-json\/wp\/v2\/types\/page"}],"author":[{"embeddable":true,"href":"https:\/\/hamiltonclub.sk\/en\/wp-json\/wp\/v2\/users\/4"}],"replies":[{"embeddable":true,"href":"https:\/\/hamiltonclub.sk\/en\/wp-json\/wp\/v2\/comments?post=417"}],"version-history":[{"count":15,"href":"https:\/\/hamiltonclub.sk\/en\/wp-json\/wp\/v2\/pages\/417\/revisions"}],"predecessor-version":[{"id":7761,"href":"https:\/\/hamiltonclub.sk\/en\/wp-json\/wp\/v2\/pages\/417\/revisions\/7761"}],"wp:attachment":[{"href":"https:\/\/hamiltonclub.sk\/en\/wp-json\/wp\/v2\/media?parent=417"}],"curies":[{"name":"wp","href":"https:\/\/api.w.org\/{rel}","templated":true}]}}