{"id":2789,"date":"2016-09-14T07:55:25","date_gmt":"2016-09-14T05:55:25","guid":{"rendered":"http:\/\/hamiltonclub.sk\/?page_id=2789"},"modified":"2016-09-28T15:51:07","modified_gmt":"2016-09-28T13:51:07","slug":"ay-fly-training","status":"publish","type":"page","link":"https:\/\/hamiltonclub.sk\/en\/ay-fly-training\/","title":{"rendered":"AY FLY TRAINING"},"content":{"rendered":"<p>Cvi\u010denie sa vykon\u00e1va prostredn\u00edctvom <strong>hojdacej siete upevnenej vo vzduchu<\/strong>, ktor\u00e1 sl\u00fa\u017ei ako podporn\u00fd syst\u00e9m pri vykon\u00e1van\u00ed jednotliv\u00fdch cvi\u010den\u00ed. Konkr\u00e9tne cvi\u010denia\u00a0s\u00fa in\u0161pirovan\u00e9 <strong>jogou<\/strong>, <strong>pilatesom<\/strong>, <strong>tancom<\/strong> a <strong>prvkami akrobacie<\/strong>. Cvi\u010denie sl\u00fa\u017ei pre <strong>posilnenie cel\u00e9ho tela a zlep\u0161enie flexibility<\/strong>, pri\u010dom s\u00fa chr\u00e1nen\u00e9 k\u013aby. Riziko zranenia je minim\u00e1lne. <strong>Zauj\u00edmav\u00e1<\/strong>, <strong>z\u00e1bavn\u00e1<\/strong> a <strong>\u00fa\u010dinn\u00e1 kombin\u00e1cia<\/strong> nieko\u013ek\u00fdch cvi\u010debn\u00fdch programov zaru\u010duje efekt\u00edvnos\u0165 a spokojnos\u0165 ka\u017ed\u00e9ho \u00fa\u010dastn\u00edka.<\/p>\n<p><strong>Pre koho je vhodn\u00fd tento druh cvi\u010denia?<\/strong><\/p>\n<p>Cvi\u010denie vhodn\u00e9 pre \u0161irok\u00e9 spektrum klientely, ktor\u00e9 svojou hravos\u0165ou a \u00fa\u010dinnos\u0165ou oslov\u00ed <strong>ka\u017ed\u00e9ho<\/strong>! <strong>Zoh\u013ead\u0148uje telesn\u00e9 schopnosti aj vek \u00fa\u010dastn\u00edkov.<\/strong><\/p>\n","protected":false},"excerpt":{"rendered":"<p>Cvi\u010denie sa vykon\u00e1va prostredn\u00edctvom hojdacej siete upevnenej vo vzduchu, ktor\u00e1 sl\u00fa\u017ei ako podporn\u00fd syst\u00e9m pri vykon\u00e1van\u00ed jednotliv\u00fdch cvi\u010den\u00ed. Konkr\u00e9tne cvi\u010denia\u00a0s\u00fa in\u0161pirovan\u00e9 jogou, pilatesom, tancom a prvkami akrobacie. Cvi\u010denie sl\u00fa\u017ei pre posilnenie cel\u00e9ho tela a zlep\u0161enie flexibility, pri\u010dom s\u00fa chr\u00e1nen\u00e9 k\u013aby. Riziko zranenia je minim\u00e1lne. Zauj\u00edmav\u00e1, z\u00e1bavn\u00e1 a \u00fa\u010dinn\u00e1 kombin\u00e1cia nieko\u013ek\u00fdch cvi\u010debn\u00fdch programov zaru\u010duje efekt\u00edvnos\u0165 a spokojnos\u0165 ka\u017ed\u00e9ho \u00fa\u010dastn\u00edka. Pre koho je vhodn\u00fd tento druh cvi\u010denia? Cvi\u010denie vhodn\u00e9 pre \u0161irok\u00e9 spektrum klientely, ktor\u00e9 svojou hravos\u0165ou a \u00fa\u010dinnos\u0165ou oslov\u00ed ka\u017ed\u00e9ho! Zoh\u013ead\u0148uje telesn\u00e9 schopnosti aj vek \u00fa\u010dastn\u00edkov.<\/p>\n","protected":false},"author":4,"featured_media":0,"parent":0,"menu_order":0,"comment_status":"open","ping_status":"open","template":"","meta":{"footnotes":""},"class_list":["post-2789","page","type-page","status-publish","hentry"],"translation":{"provider":"WPGlobus","version":"3.0.2","language":"en","enabled_languages":["sk","en"],"languages":{"sk":{"title":true,"content":true,"excerpt":false},"en":{"title":false,"content":false,"excerpt":false}}},"yoast_head":"<!-- This site is optimized with the Yoast SEO plugin v27.3 - https:\/\/yoast.com\/product\/yoast-seo-wordpress\/ -->\n<title>AY FLY TRAINING - Hamilton Fitness Club | www.hamiltonclub.sk<\/title>\n<meta name=\"robots\" content=\"index, follow, max-snippet:-1, max-image-preview:large, max-video-preview:-1\" \/>\n<link rel=\"canonical\" href=\"https:\/\/hamiltonclub.sk\/ay-fly-training\/\" \/>\n<meta property=\"og:locale\" content=\"en_US\" \/>\n<meta property=\"og:type\" content=\"article\" \/>\n<meta property=\"og:title\" content=\"AY FLY TRAINING - Hamilton Fitness Club | www.hamiltonclub.sk\" \/>\n<meta property=\"og:url\" content=\"https:\/\/hamiltonclub.sk\/ay-fly-training\/\" \/>\n<meta property=\"og:site_name\" content=\"Hamilton Fitness Club | www.hamiltonclub.sk\" \/>\n<meta property=\"article:publisher\" content=\"https:\/\/www.facebook.com\/HamiltonFitnessClub\/\" \/>\n<meta property=\"article:modified_time\" content=\"2016-09-28T13:51:07+00:00\" \/>\n<meta name=\"twitter:card\" content=\"summary_large_image\" \/>\n<meta name=\"twitter:label1\" content=\"Est. reading time\" \/>\n\t<meta name=\"twitter:data1\" content=\"1 minute\" \/>\n<script type=\"application\/ld+json\" class=\"yoast-schema-graph\">{\"@context\":\"https:\\\/\\\/schema.org\",\"@graph\":[{\"@type\":\"WebPage\",\"@id\":\"https:\\\/\\\/hamiltonclub.sk\\\/ay-fly-training\\\/\",\"url\":\"https:\\\/\\\/hamiltonclub.sk\\\/ay-fly-training\\\/\",\"name\":\"AY FLY TRAINING - Hamilton Fitness Club | www.hamiltonclub.sk\",\"isPartOf\":{\"@id\":\"https:\\\/\\\/hamiltonclub.sk\\\/#website\"},\"datePublished\":\"2016-09-14T05:55:25+00:00\",\"dateModified\":\"2016-09-28T13:51:07+00:00\",\"breadcrumb\":{\"@id\":\"https:\\\/\\\/hamiltonclub.sk\\\/ay-fly-training\\\/#breadcrumb\"},\"inLanguage\":\"en-US\",\"potentialAction\":[{\"@type\":\"ReadAction\",\"target\":[\"https:\\\/\\\/hamiltonclub.sk\\\/ay-fly-training\\\/\"]}]},{\"@type\":\"BreadcrumbList\",\"@id\":\"https:\\\/\\\/hamiltonclub.sk\\\/ay-fly-training\\\/#breadcrumb\",\"itemListElement\":[{\"@type\":\"ListItem\",\"position\":1,\"name\":\"Domovsk\u00e1 str\u00e1nka\",\"item\":\"https:\\\/\\\/hamiltonclub.sk\\\/\"},{\"@type\":\"ListItem\",\"position\":2,\"name\":\"AY FLY TRAINING\"}]},{\"@type\":\"WebSite\",\"@id\":\"https:\\\/\\\/hamiltonclub.sk\\\/#website\",\"url\":\"https:\\\/\\\/hamiltonclub.sk\\\/\",\"name\":\"Hamilton Fitness Club | www.hamiltonclub.sk\",\"description\":\"fitness centrum v OC Cubicon\",\"potentialAction\":[{\"@type\":\"SearchAction\",\"target\":{\"@type\":\"EntryPoint\",\"urlTemplate\":\"https:\\\/\\\/hamiltonclub.sk\\\/?s={search_term_string}\"},\"query-input\":{\"@type\":\"PropertyValueSpecification\",\"valueRequired\":true,\"valueName\":\"search_term_string\"}}],\"inLanguage\":\"en-US\"}]}<\/script>\n<!-- \/ Yoast SEO plugin. -->","yoast_head_json":{"title":"AY FLY TRAINING - Hamilton Fitness Club | www.hamiltonclub.sk","robots":{"index":"index","follow":"follow","max-snippet":"max-snippet:-1","max-image-preview":"max-image-preview:large","max-video-preview":"max-video-preview:-1"},"canonical":"https:\/\/hamiltonclub.sk\/ay-fly-training\/","og_locale":"en_US","og_type":"article","og_title":"AY FLY TRAINING - Hamilton Fitness Club | www.hamiltonclub.sk","og_url":"https:\/\/hamiltonclub.sk\/ay-fly-training\/","og_site_name":"Hamilton Fitness Club | www.hamiltonclub.sk","article_publisher":"https:\/\/www.facebook.com\/HamiltonFitnessClub\/","article_modified_time":"2016-09-28T13:51:07+00:00","twitter_card":"summary_large_image","twitter_misc":{"Est. reading time":"1 minute"},"schema":{"@context":"https:\/\/schema.org","@graph":[{"@type":"WebPage","@id":"https:\/\/hamiltonclub.sk\/ay-fly-training\/","url":"https:\/\/hamiltonclub.sk\/ay-fly-training\/","name":"AY FLY TRAINING - Hamilton Fitness Club | www.hamiltonclub.sk","isPartOf":{"@id":"https:\/\/hamiltonclub.sk\/#website"},"datePublished":"2016-09-14T05:55:25+00:00","dateModified":"2016-09-28T13:51:07+00:00","breadcrumb":{"@id":"https:\/\/hamiltonclub.sk\/ay-fly-training\/#breadcrumb"},"inLanguage":"en-US","potentialAction":[{"@type":"ReadAction","target":["https:\/\/hamiltonclub.sk\/ay-fly-training\/"]}]},{"@type":"BreadcrumbList","@id":"https:\/\/hamiltonclub.sk\/ay-fly-training\/#breadcrumb","itemListElement":[{"@type":"ListItem","position":1,"name":"Domovsk\u00e1 str\u00e1nka","item":"https:\/\/hamiltonclub.sk\/"},{"@type":"ListItem","position":2,"name":"AY FLY TRAINING"}]},{"@type":"WebSite","@id":"https:\/\/hamiltonclub.sk\/#website","url":"https:\/\/hamiltonclub.sk\/","name":"Hamilton Fitness Club | www.hamiltonclub.sk","description":"fitness centrum v OC Cubicon","potentialAction":[{"@type":"SearchAction","target":{"@type":"EntryPoint","urlTemplate":"https:\/\/hamiltonclub.sk\/?s={search_term_string}"},"query-input":{"@type":"PropertyValueSpecification","valueRequired":true,"valueName":"search_term_string"}}],"inLanguage":"en-US"}]}},"_links":{"self":[{"href":"https:\/\/hamiltonclub.sk\/en\/wp-json\/wp\/v2\/pages\/2789","targetHints":{"allow":["GET"]}}],"collection":[{"href":"https:\/\/hamiltonclub.sk\/en\/wp-json\/wp\/v2\/pages"}],"about":[{"href":"https:\/\/hamiltonclub.sk\/en\/wp-json\/wp\/v2\/types\/page"}],"author":[{"embeddable":true,"href":"https:\/\/hamiltonclub.sk\/en\/wp-json\/wp\/v2\/users\/4"}],"replies":[{"embeddable":true,"href":"https:\/\/hamiltonclub.sk\/en\/wp-json\/wp\/v2\/comments?post=2789"}],"version-history":[{"count":1,"href":"https:\/\/hamiltonclub.sk\/en\/wp-json\/wp\/v2\/pages\/2789\/revisions"}],"predecessor-version":[{"id":2790,"href":"https:\/\/hamiltonclub.sk\/en\/wp-json\/wp\/v2\/pages\/2789\/revisions\/2790"}],"wp:attachment":[{"href":"https:\/\/hamiltonclub.sk\/en\/wp-json\/wp\/v2\/media?parent=2789"}],"curies":[{"name":"wp","href":"https:\/\/api.w.org\/{rel}","templated":true}]}}