{"id":2771,"date":"2016-09-09T10:00:54","date_gmt":"2016-09-09T08:00:54","guid":{"rendered":"http:\/\/hamiltonclub.sk\/?page_id=2771"},"modified":"2016-09-28T15:52:38","modified_gmt":"2016-09-28T13:52:38","slug":"deepwork","status":"publish","type":"page","link":"https:\/\/hamiltonclub.sk\/en\/deepwork\/","title":{"rendered":"DEEPWORK"},"content":{"rendered":"<p align=\"justify\">&#8220;Deepwork je kr\u00e1sny v tom, \u017ee v \u0148om n\u00e1jdete v\u0161etko. Vych\u00e1dza z lokomo\u010dn\u00fdch pohybov i klasick\u00fdch pohybov z posil\u0148ovne. S\u00fa to v\u0161etko vlastne zn\u00e1me veci, ktor\u00e9 pr\u00e1ve vz\u00e1jomn\u00fdm prepojen\u00edm a konceptom hodiny, a v\u00f4bec cel\u00fdm postaven\u00edm deepworku, tvoria osobitos\u0165 tohto cvi\u010denia,&#8221; \u00a0Lea Gran\u010di\u010d.<\/p>\n<p align=\"justify\">S\u00fa to v\u0161etko vlastne zn\u00e1me veci, ktor\u00e9 pr\u00e1ve vz\u00e1jomn\u00fdm prepojen\u00edm a konceptom hodiny, a v\u00f4bec cel\u00fdm postaven\u00edm deepworku, tvoria osobitos\u0165 tohto cvi\u010denia. Deep work je nov\u00fd cvi\u010debn\u00fd program, ktor\u00fd <strong>vych\u00e1dza z v\u00fdchodnej filozofie<\/strong> a ktor\u00fd aktivuje predov\u0161etk\u00fdm va\u0161e hlbok\u00e9 svalstvo. Z\u00e1kladn\u00fdm stavebn\u00fdm kame\u0148om je u\u010denie <strong>jing &amp; jang<\/strong> a u\u010denie piatich elementov (zem, drevo, ohe\u0148, kov a voda) a ich rozdielnych energi\u00ed. Obe tieto u\u010denia s\u00fa taktie\u017e v\u00fdchodiskom tradi\u010dnej \u010d\u00ednskej medic\u00edny. Deep work je <strong>dynamick\u00e9 cvi\u010denie<\/strong>, pri ktorom se <strong>poriadne zapot\u00edte<\/strong>. Ako zvukov\u00e1 kulisa sa \u010dasto pou\u017e\u00edva vysoko rytmick\u00e1 tane\u010dn\u00e1 hudba, kter\u00e1 v\u00e1s motivuje ku st\u00e1le lep\u0161\u00edm v\u00fdkonom.<\/p>\n<p align=\"justify\"><strong>Pre koho je vhodn\u00fd tento druh cvi\u010denia?<\/strong><\/p>\n<p align=\"justify\">Toto cvi\u010denie je ur\u010den\u00e9 pre v\u0161etk\u00fdch, ktor\u00ed\u00a0<strong>chc\u00fa schudn\u00fa\u0165 a vyformova\u0165 svoju postavu<\/strong>.\u00a0Deepwork je ur\u010den\u00fd tak ako pre pokro\u010dil\u00fdch tak i pre za\u010d\u00ednaj\u00facich cvi\u010dencov.<\/p>\n","protected":false},"excerpt":{"rendered":"<p>&#8220;Deepwork je kr\u00e1sny v tom, \u017ee v \u0148om n\u00e1jdete v\u0161etko. Vych\u00e1dza z lokomo\u010dn\u00fdch pohybov i klasick\u00fdch pohybov z posil\u0148ovne. S\u00fa to v\u0161etko vlastne zn\u00e1me veci, ktor\u00e9 pr\u00e1ve vz\u00e1jomn\u00fdm prepojen\u00edm a konceptom hodiny, a v\u00f4bec cel\u00fdm postaven\u00edm deepworku, tvoria osobitos\u0165 tohto cvi\u010denia,&#8221; \u00a0Lea Gran\u010di\u010d. S\u00fa to v\u0161etko vlastne zn\u00e1me veci, ktor\u00e9 pr\u00e1ve vz\u00e1jomn\u00fdm prepojen\u00edm a konceptom hodiny, a v\u00f4bec cel\u00fdm postaven\u00edm deepworku, tvoria osobitos\u0165 tohto cvi\u010denia. Deep work je nov\u00fd cvi\u010debn\u00fd program, ktor\u00fd vych\u00e1dza z v\u00fdchodnej filozofie a ktor\u00fd aktivuje predov\u0161etk\u00fdm va\u0161e hlbok\u00e9 svalstvo. Z\u00e1kladn\u00fdm stavebn\u00fdm kame\u0148om je u\u010denie jing &amp; jang a u\u010denie piatich elementov (zem, drevo, ohe\u0148, kov a voda) a ich rozdielnych energi\u00ed. Obe tieto u\u010denia s\u00fa taktie\u017e v\u00fdchodiskom tradi\u010dnej \u010d\u00ednskej medic\u00edny. Deep work je dynamick\u00e9 cvi\u010denie, pri ktorom se poriadne zapot\u00edte. Ako zvukov\u00e1 kulisa sa \u010dasto pou\u017e\u00edva vysoko rytmick\u00e1 tane\u010dn\u00e1 hudba, kter\u00e1 v\u00e1s motivuje ku st\u00e1le lep\u0161\u00edm v\u00fdkonom. Pre koho je vhodn\u00fd tento druh cvi\u010denia? Toto cvi\u010denie je ur\u010den\u00e9 pre v\u0161etk\u00fdch, ktor\u00ed\u00a0chc\u00fa schudn\u00fa\u0165 a vyformova\u0165 svoju postavu.\u00a0Deepwork je ur\u010den\u00fd tak ako pre pokro\u010dil\u00fdch tak i pre za\u010d\u00ednaj\u00facich cvi\u010dencov.<\/p>\n","protected":false},"author":4,"featured_media":0,"parent":0,"menu_order":0,"comment_status":"open","ping_status":"open","template":"","meta":{"footnotes":""},"class_list":["post-2771","page","type-page","status-publish","hentry"],"translation":{"provider":"WPGlobus","version":"3.0.2","language":"en","enabled_languages":["sk","en"],"languages":{"sk":{"title":true,"content":true,"excerpt":false},"en":{"title":false,"content":false,"excerpt":false}}},"yoast_head":"<!-- This site is optimized with the Yoast SEO plugin v27.3 - https:\/\/yoast.com\/product\/yoast-seo-wordpress\/ -->\n<title>DEEPWORK - Hamilton Fitness Club | www.hamiltonclub.sk<\/title>\n<meta name=\"robots\" content=\"index, follow, max-snippet:-1, max-image-preview:large, max-video-preview:-1\" \/>\n<link rel=\"canonical\" href=\"https:\/\/hamiltonclub.sk\/deepwork\/\" \/>\n<meta property=\"og:locale\" content=\"en_US\" \/>\n<meta property=\"og:type\" content=\"article\" \/>\n<meta property=\"og:title\" content=\"DEEPWORK - Hamilton Fitness Club | www.hamiltonclub.sk\" \/>\n<meta property=\"og:url\" content=\"https:\/\/hamiltonclub.sk\/deepwork\/\" \/>\n<meta property=\"og:site_name\" content=\"Hamilton Fitness Club | www.hamiltonclub.sk\" \/>\n<meta property=\"article:publisher\" content=\"https:\/\/www.facebook.com\/HamiltonFitnessClub\/\" \/>\n<meta property=\"article:modified_time\" content=\"2016-09-28T13:52:38+00:00\" \/>\n<meta name=\"twitter:card\" content=\"summary_large_image\" \/>\n<meta name=\"twitter:label1\" content=\"Est. reading time\" \/>\n\t<meta name=\"twitter:data1\" content=\"1 minute\" \/>\n<script type=\"application\/ld+json\" class=\"yoast-schema-graph\">{\"@context\":\"https:\\\/\\\/schema.org\",\"@graph\":[{\"@type\":\"WebPage\",\"@id\":\"https:\\\/\\\/hamiltonclub.sk\\\/deepwork\\\/\",\"url\":\"https:\\\/\\\/hamiltonclub.sk\\\/deepwork\\\/\",\"name\":\"DEEPWORK - Hamilton Fitness Club | www.hamiltonclub.sk\",\"isPartOf\":{\"@id\":\"https:\\\/\\\/hamiltonclub.sk\\\/#website\"},\"datePublished\":\"2016-09-09T08:00:54+00:00\",\"dateModified\":\"2016-09-28T13:52:38+00:00\",\"breadcrumb\":{\"@id\":\"https:\\\/\\\/hamiltonclub.sk\\\/deepwork\\\/#breadcrumb\"},\"inLanguage\":\"en-US\",\"potentialAction\":[{\"@type\":\"ReadAction\",\"target\":[\"https:\\\/\\\/hamiltonclub.sk\\\/deepwork\\\/\"]}]},{\"@type\":\"BreadcrumbList\",\"@id\":\"https:\\\/\\\/hamiltonclub.sk\\\/deepwork\\\/#breadcrumb\",\"itemListElement\":[{\"@type\":\"ListItem\",\"position\":1,\"name\":\"Domovsk\u00e1 str\u00e1nka\",\"item\":\"https:\\\/\\\/hamiltonclub.sk\\\/\"},{\"@type\":\"ListItem\",\"position\":2,\"name\":\"DEEPWORK\"}]},{\"@type\":\"WebSite\",\"@id\":\"https:\\\/\\\/hamiltonclub.sk\\\/#website\",\"url\":\"https:\\\/\\\/hamiltonclub.sk\\\/\",\"name\":\"Hamilton Fitness Club | www.hamiltonclub.sk\",\"description\":\"fitness centrum v OC Cubicon\",\"potentialAction\":[{\"@type\":\"SearchAction\",\"target\":{\"@type\":\"EntryPoint\",\"urlTemplate\":\"https:\\\/\\\/hamiltonclub.sk\\\/?s={search_term_string}\"},\"query-input\":{\"@type\":\"PropertyValueSpecification\",\"valueRequired\":true,\"valueName\":\"search_term_string\"}}],\"inLanguage\":\"en-US\"}]}<\/script>\n<!-- \/ Yoast SEO plugin. -->","yoast_head_json":{"title":"DEEPWORK - Hamilton Fitness Club | www.hamiltonclub.sk","robots":{"index":"index","follow":"follow","max-snippet":"max-snippet:-1","max-image-preview":"max-image-preview:large","max-video-preview":"max-video-preview:-1"},"canonical":"https:\/\/hamiltonclub.sk\/deepwork\/","og_locale":"en_US","og_type":"article","og_title":"DEEPWORK - Hamilton Fitness Club | www.hamiltonclub.sk","og_url":"https:\/\/hamiltonclub.sk\/deepwork\/","og_site_name":"Hamilton Fitness Club | www.hamiltonclub.sk","article_publisher":"https:\/\/www.facebook.com\/HamiltonFitnessClub\/","article_modified_time":"2016-09-28T13:52:38+00:00","twitter_card":"summary_large_image","twitter_misc":{"Est. reading time":"1 minute"},"schema":{"@context":"https:\/\/schema.org","@graph":[{"@type":"WebPage","@id":"https:\/\/hamiltonclub.sk\/deepwork\/","url":"https:\/\/hamiltonclub.sk\/deepwork\/","name":"DEEPWORK - Hamilton Fitness Club | www.hamiltonclub.sk","isPartOf":{"@id":"https:\/\/hamiltonclub.sk\/#website"},"datePublished":"2016-09-09T08:00:54+00:00","dateModified":"2016-09-28T13:52:38+00:00","breadcrumb":{"@id":"https:\/\/hamiltonclub.sk\/deepwork\/#breadcrumb"},"inLanguage":"en-US","potentialAction":[{"@type":"ReadAction","target":["https:\/\/hamiltonclub.sk\/deepwork\/"]}]},{"@type":"BreadcrumbList","@id":"https:\/\/hamiltonclub.sk\/deepwork\/#breadcrumb","itemListElement":[{"@type":"ListItem","position":1,"name":"Domovsk\u00e1 str\u00e1nka","item":"https:\/\/hamiltonclub.sk\/"},{"@type":"ListItem","position":2,"name":"DEEPWORK"}]},{"@type":"WebSite","@id":"https:\/\/hamiltonclub.sk\/#website","url":"https:\/\/hamiltonclub.sk\/","name":"Hamilton Fitness Club | www.hamiltonclub.sk","description":"fitness centrum v OC Cubicon","potentialAction":[{"@type":"SearchAction","target":{"@type":"EntryPoint","urlTemplate":"https:\/\/hamiltonclub.sk\/?s={search_term_string}"},"query-input":{"@type":"PropertyValueSpecification","valueRequired":true,"valueName":"search_term_string"}}],"inLanguage":"en-US"}]}},"_links":{"self":[{"href":"https:\/\/hamiltonclub.sk\/en\/wp-json\/wp\/v2\/pages\/2771","targetHints":{"allow":["GET"]}}],"collection":[{"href":"https:\/\/hamiltonclub.sk\/en\/wp-json\/wp\/v2\/pages"}],"about":[{"href":"https:\/\/hamiltonclub.sk\/en\/wp-json\/wp\/v2\/types\/page"}],"author":[{"embeddable":true,"href":"https:\/\/hamiltonclub.sk\/en\/wp-json\/wp\/v2\/users\/4"}],"replies":[{"embeddable":true,"href":"https:\/\/hamiltonclub.sk\/en\/wp-json\/wp\/v2\/comments?post=2771"}],"version-history":[{"count":4,"href":"https:\/\/hamiltonclub.sk\/en\/wp-json\/wp\/v2\/pages\/2771\/revisions"}],"predecessor-version":[{"id":2935,"href":"https:\/\/hamiltonclub.sk\/en\/wp-json\/wp\/v2\/pages\/2771\/revisions\/2935"}],"wp:attachment":[{"href":"https:\/\/hamiltonclub.sk\/en\/wp-json\/wp\/v2\/media?parent=2771"}],"curies":[{"name":"wp","href":"https:\/\/api.w.org\/{rel}","templated":true}]}}